{"id":426,"date":"2020-02-03T08:26:41","date_gmt":"2020-02-03T08:26:41","guid":{"rendered":"https:\/\/demosites.io\/architecture-gb\/?page_id=201"},"modified":"2024-11-26T10:31:36","modified_gmt":"2024-11-26T10:31:36","slug":"e866c-our-projects","status":"publish","type":"page","link":"https:\/\/franciscoandrade.pt\/wordpress\/?page_id=426","title":{"rendered":"PROJECTOS"},"content":{"rendered":"\n<div id=\"wp-block-themeisle-blocks-advanced-columns-1d2926d6\" class=\"wp-block-themeisle-blocks-advanced-columns alignfull has-2-columns has-desktop-equal-layout has-tablet-equal-layout has-mobile-collapsedRows-layout has-reverse-columns-mobile has-vertical-center ticss-c00aadba\"><div class=\"wp-block-themeisle-blocks-advanced-columns-overlay\"><\/div><div class=\"innerblocks-wrap\">\n<div id=\"wp-block-themeisle-blocks-advanced-column-e5587552\" class=\"wp-block-themeisle-blocks-advanced-column\"><style type=\"text\/css\">.otter-masonry .blocks-gallery-grid .blocks-gallery-item img{ width:100% }<\/style><div class=\"otter-masonry\" data-margin=\"10\">\n<figure class=\"wp-block-gallery has-nested-images columns-2 is-cropped wp-block-gallery-1 is-layout-flex wp-block-gallery-is-layout-flex\">\n<figure class=\"wp-block-image size-large\"><img fetchpriority=\"high\" decoding=\"async\" width=\"1024\" height=\"683\" data-id=\"535\" src=\"https:\/\/franciscoandrade.pt\/wordpress\/wp-content\/uploads\/2024\/05\/4-WEB-0.1506968019.9669-1-1024x683.jpg\" alt=\"\" class=\"wp-image-535\" srcset=\"https:\/\/franciscoandrade.pt\/wordpress\/wp-content\/uploads\/2024\/05\/4-WEB-0.1506968019.9669-1-1024x683.jpg 1024w, https:\/\/franciscoandrade.pt\/wordpress\/wp-content\/uploads\/2024\/05\/4-WEB-0.1506968019.9669-1-300x200.jpg 300w, https:\/\/franciscoandrade.pt\/wordpress\/wp-content\/uploads\/2024\/05\/4-WEB-0.1506968019.9669-1-768x512.jpg 768w, https:\/\/franciscoandrade.pt\/wordpress\/wp-content\/uploads\/2024\/05\/4-WEB-0.1506968019.9669-1-930x620.jpg 930w, https:\/\/franciscoandrade.pt\/wordpress\/wp-content\/uploads\/2024\/05\/4-WEB-0.1506968019.9669-1.jpg 1200w\" sizes=\"(max-width: 1024px) 100vw, 1024px\" \/><figcaption class=\"wp-element-caption\">LIKE ARCHITECTS<\/figcaption><\/figure>\n\n\n\n<figure class=\"wp-block-image size-large\"><img decoding=\"async\" width=\"1024\" height=\"683\" data-id=\"536\" src=\"https:\/\/franciscoandrade.pt\/wordpress\/wp-content\/uploads\/2024\/05\/131-13.1507105922.2547-3-1024x683.jpg\" alt=\"\" class=\"wp-image-536\" srcset=\"https:\/\/franciscoandrade.pt\/wordpress\/wp-content\/uploads\/2024\/05\/131-13.1507105922.2547-3-1024x683.jpg 1024w, https:\/\/franciscoandrade.pt\/wordpress\/wp-content\/uploads\/2024\/05\/131-13.1507105922.2547-3-300x200.jpg 300w, https:\/\/franciscoandrade.pt\/wordpress\/wp-content\/uploads\/2024\/05\/131-13.1507105922.2547-3-768x512.jpg 768w, https:\/\/franciscoandrade.pt\/wordpress\/wp-content\/uploads\/2024\/05\/131-13.1507105922.2547-3-1536x1024.jpg 1536w, https:\/\/franciscoandrade.pt\/wordpress\/wp-content\/uploads\/2024\/05\/131-13.1507105922.2547-3-2048x1365.jpg 2048w, https:\/\/franciscoandrade.pt\/wordpress\/wp-content\/uploads\/2024\/05\/131-13.1507105922.2547-3-930x620.jpg 930w\" sizes=\"(max-width: 1024px) 100vw, 1024px\" \/><figcaption class=\"wp-element-caption\">LIKE ARCHITECTS<\/figcaption><\/figure>\n\n\n\n<figure class=\"wp-block-image size-full\"><img decoding=\"async\" width=\"1024\" height=\"683\" data-id=\"537\" src=\"https:\/\/franciscoandrade.pt\/wordpress\/wp-content\/uploads\/2024\/05\/28247679346_ae54a95df3_b-2.jpg\" alt=\"\" class=\"wp-image-537\" srcset=\"https:\/\/franciscoandrade.pt\/wordpress\/wp-content\/uploads\/2024\/05\/28247679346_ae54a95df3_b-2.jpg 1024w, https:\/\/franciscoandrade.pt\/wordpress\/wp-content\/uploads\/2024\/05\/28247679346_ae54a95df3_b-2-300x200.jpg 300w, https:\/\/franciscoandrade.pt\/wordpress\/wp-content\/uploads\/2024\/05\/28247679346_ae54a95df3_b-2-768x512.jpg 768w, https:\/\/franciscoandrade.pt\/wordpress\/wp-content\/uploads\/2024\/05\/28247679346_ae54a95df3_b-2-930x620.jpg 930w\" sizes=\"(max-width: 1024px) 100vw, 1024px\" \/><figcaption class=\"wp-element-caption\">GIRA<\/figcaption><\/figure>\n\n\n\n<figure class=\"wp-block-image size-full\"><img loading=\"lazy\" decoding=\"async\" width=\"889\" height=\"592\" data-id=\"538\" src=\"https:\/\/franciscoandrade.pt\/wordpress\/wp-content\/uploads\/2024\/05\/GiRA-carousel-by-MAARQA-3-889x592-2.jpg\" alt=\"\" class=\"wp-image-538\" srcset=\"https:\/\/franciscoandrade.pt\/wordpress\/wp-content\/uploads\/2024\/05\/GiRA-carousel-by-MAARQA-3-889x592-2.jpg 889w, https:\/\/franciscoandrade.pt\/wordpress\/wp-content\/uploads\/2024\/05\/GiRA-carousel-by-MAARQA-3-889x592-2-300x200.jpg 300w, https:\/\/franciscoandrade.pt\/wordpress\/wp-content\/uploads\/2024\/05\/GiRA-carousel-by-MAARQA-3-889x592-2-768x511.jpg 768w\" sizes=\"(max-width: 889px) 100vw, 889px\" \/><figcaption class=\"wp-element-caption\">GIRA<\/figcaption><\/figure>\n<\/figure>\n<\/div><\/div>\n\n\n\n<div id=\"wp-block-themeisle-blocks-advanced-column-631489be\" class=\"wp-block-themeisle-blocks-advanced-column\">\n<h2 id=\"wp-block-themeisle-blocks-advanced-heading-7b71d506\" class=\"wp-block-themeisle-blocks-advanced-heading wp-block-themeisle-blocks-advanced-heading-7b71d506\">&#8220;o prazer de trabalhar&#8221;<\/h2>\n\n\n\n<p id=\"wp-block-themeisle-blocks-advanced-heading-b99aa8d8\" class=\"wp-block-themeisle-blocks-advanced-heading wp-block-themeisle-blocks-advanced-heading-b99aa8d8\"><strong>AO LONGO DOS ANOS TEMOS TRABALHADO COM V\u00c1RIOS ARTISTAS, ARQUITECTOS E DESIGNERS PARA EXECU\u00c7\u00c3O DAS SUAS OBRAS .<\/strong><\/p>\n<\/div>\n<\/div><\/div>\n\n\n\n<div id=\"wp-block-themeisle-blocks-advanced-columns-0eacd3e6\" class=\"wp-block-themeisle-blocks-advanced-columns alignfull has-1-columns has-desktop-equal-layout has-tablet-equal-layout has-mobile-collapsedRows-layout has-reverse-columns-mobile has-vertical-center ticss-c00aadba\"><div class=\"wp-block-themeisle-blocks-advanced-columns-overlay\"><\/div><div class=\"innerblocks-wrap\">\n<div id=\"wp-block-themeisle-blocks-advanced-column-e32f0cfa\" class=\"wp-block-themeisle-blocks-advanced-column\"><style type=\"text\/css\">.otter-masonry .blocks-gallery-grid .blocks-gallery-item img{ width:100% }<\/style><div class=\"otter-masonry\" data-margin=\"10\">\n<figure class=\"wp-block-gallery has-nested-images columns-2 is-cropped wp-block-gallery-2 is-layout-flex wp-block-gallery-is-layout-flex\">\n<figure class=\"wp-block-image size-full\"><img loading=\"lazy\" decoding=\"async\" width=\"550\" height=\"450\" data-id=\"539\" src=\"https:\/\/franciscoandrade.pt\/wordpress\/wp-content\/uploads\/2024\/05\/magnum-bar-v5123027-4.jpg\" alt=\"\" class=\"wp-image-539\" srcset=\"https:\/\/franciscoandrade.pt\/wordpress\/wp-content\/uploads\/2024\/05\/magnum-bar-v5123027-4.jpg 550w, https:\/\/franciscoandrade.pt\/wordpress\/wp-content\/uploads\/2024\/05\/magnum-bar-v5123027-4-300x245.jpg 300w\" sizes=\"(max-width: 550px) 100vw, 550px\" \/><figcaption class=\"wp-element-caption\">HOTEL VILLA MAGNA MADRID<\/figcaption><\/figure>\n\n\n\n<figure class=\"wp-block-image size-large\"><img loading=\"lazy\" decoding=\"async\" width=\"1024\" height=\"576\" data-id=\"540\" src=\"https:\/\/franciscoandrade.pt\/wordpress\/wp-content\/uploads\/2024\/05\/LIS_534_original-2-1024x576.jpg\" alt=\"\" class=\"wp-image-540\" srcset=\"https:\/\/franciscoandrade.pt\/wordpress\/wp-content\/uploads\/2024\/05\/LIS_534_original-2-1024x576.jpg 1024w, https:\/\/franciscoandrade.pt\/wordpress\/wp-content\/uploads\/2024\/05\/LIS_534_original-2-300x169.jpg 300w, https:\/\/franciscoandrade.pt\/wordpress\/wp-content\/uploads\/2024\/05\/LIS_534_original-2-768x432.jpg 768w, https:\/\/franciscoandrade.pt\/wordpress\/wp-content\/uploads\/2024\/05\/LIS_534_original-2.jpg 1530w\" sizes=\"(max-width: 1024px) 100vw, 1024px\" \/><figcaption class=\"wp-element-caption\">HOTEL RITZ LISBOA<\/figcaption><\/figure>\n\n\n\n<figure class=\"wp-block-image size-full\"><img loading=\"lazy\" decoding=\"async\" width=\"750\" height=\"1125\" data-id=\"542\" src=\"https:\/\/franciscoandrade.pt\/wordpress\/wp-content\/uploads\/2024\/05\/HotelRitz_20210713_0140_copy_LR-4.jpg\" alt=\"\" class=\"wp-image-542\" srcset=\"https:\/\/franciscoandrade.pt\/wordpress\/wp-content\/uploads\/2024\/05\/HotelRitz_20210713_0140_copy_LR-4.jpg 750w, https:\/\/franciscoandrade.pt\/wordpress\/wp-content\/uploads\/2024\/05\/HotelRitz_20210713_0140_copy_LR-4-200x300.jpg 200w, https:\/\/franciscoandrade.pt\/wordpress\/wp-content\/uploads\/2024\/05\/HotelRitz_20210713_0140_copy_LR-4-683x1024.jpg 683w\" sizes=\"(max-width: 750px) 100vw, 750px\" \/><figcaption class=\"wp-element-caption\">HOTEL RITZ LISBOA<\/figcaption><\/figure>\n\n\n\n<figure class=\"wp-block-image size-large\"><img loading=\"lazy\" decoding=\"async\" width=\"1024\" height=\"683\" data-id=\"544\" src=\"https:\/\/franciscoandrade.pt\/wordpress\/wp-content\/uploads\/2024\/05\/Montebelo-Mosteiro-Alcobaca_Quarto-Duplo-Standard_2_1080x720-4-1024x683.jpg\" alt=\"\" class=\"wp-image-544\" srcset=\"https:\/\/franciscoandrade.pt\/wordpress\/wp-content\/uploads\/2024\/05\/Montebelo-Mosteiro-Alcobaca_Quarto-Duplo-Standard_2_1080x720-4-1024x683.jpg 1024w, https:\/\/franciscoandrade.pt\/wordpress\/wp-content\/uploads\/2024\/05\/Montebelo-Mosteiro-Alcobaca_Quarto-Duplo-Standard_2_1080x720-4-300x200.jpg 300w, https:\/\/franciscoandrade.pt\/wordpress\/wp-content\/uploads\/2024\/05\/Montebelo-Mosteiro-Alcobaca_Quarto-Duplo-Standard_2_1080x720-4-768x512.jpg 768w, https:\/\/franciscoandrade.pt\/wordpress\/wp-content\/uploads\/2024\/05\/Montebelo-Mosteiro-Alcobaca_Quarto-Duplo-Standard_2_1080x720-4-930x620.jpg 930w, https:\/\/franciscoandrade.pt\/wordpress\/wp-content\/uploads\/2024\/05\/Montebelo-Mosteiro-Alcobaca_Quarto-Duplo-Standard_2_1080x720-4.jpg 1080w\" sizes=\"(max-width: 1024px) 100vw, 1024px\" \/><figcaption class=\"wp-element-caption\">HOTEL VISTA ALEGRE<\/figcaption><\/figure>\n\n\n\n<figure class=\"wp-block-image size-full\"><img loading=\"lazy\" decoding=\"async\" width=\"677\" height=\"759\" data-id=\"545\" src=\"https:\/\/franciscoandrade.pt\/wordpress\/wp-content\/uploads\/2024\/05\/IMG_2815_677x759-1.webp\" alt=\"\" class=\"wp-image-545\" srcset=\"https:\/\/franciscoandrade.pt\/wordpress\/wp-content\/uploads\/2024\/05\/IMG_2815_677x759-1.webp 677w, https:\/\/franciscoandrade.pt\/wordpress\/wp-content\/uploads\/2024\/05\/IMG_2815_677x759-1-268x300.webp 268w\" sizes=\"(max-width: 677px) 100vw, 677px\" \/><figcaption class=\"wp-element-caption\">ORIGIN MADE<\/figcaption><\/figure>\n\n\n\n<figure class=\"wp-block-image size-full\"><img loading=\"lazy\" decoding=\"async\" width=\"677\" height=\"759\" data-id=\"546\" src=\"https:\/\/franciscoandrade.pt\/wordpress\/wp-content\/uploads\/2024\/05\/IMG_5217_677x759-2.webp\" alt=\"\" class=\"wp-image-546\" srcset=\"https:\/\/franciscoandrade.pt\/wordpress\/wp-content\/uploads\/2024\/05\/IMG_5217_677x759-2.webp 677w, https:\/\/franciscoandrade.pt\/wordpress\/wp-content\/uploads\/2024\/05\/IMG_5217_677x759-2-268x300.webp 268w\" sizes=\"(max-width: 677px) 100vw, 677px\" \/><figcaption class=\"wp-element-caption\">ORIGIN MADE<\/figcaption><\/figure>\n\n\n\n<figure class=\"wp-block-image size-large\"><img loading=\"lazy\" decoding=\"async\" width=\"1024\" height=\"1024\" data-id=\"547\" src=\"https:\/\/franciscoandrade.pt\/wordpress\/wp-content\/uploads\/2024\/05\/386702901_709807087852892_5061375509741895885_n-2-1024x1024.jpg\" alt=\"molduras espelhos - Hotel Montebelo Chiado\" class=\"wp-image-547\" srcset=\"https:\/\/franciscoandrade.pt\/wordpress\/wp-content\/uploads\/2024\/05\/386702901_709807087852892_5061375509741895885_n-2-1024x1024.jpg 1024w, https:\/\/franciscoandrade.pt\/wordpress\/wp-content\/uploads\/2024\/05\/386702901_709807087852892_5061375509741895885_n-2-300x300.jpg 300w, https:\/\/franciscoandrade.pt\/wordpress\/wp-content\/uploads\/2024\/05\/386702901_709807087852892_5061375509741895885_n-2-150x150.jpg 150w, https:\/\/franciscoandrade.pt\/wordpress\/wp-content\/uploads\/2024\/05\/386702901_709807087852892_5061375509741895885_n-2-768x768.jpg 768w, https:\/\/franciscoandrade.pt\/wordpress\/wp-content\/uploads\/2024\/05\/386702901_709807087852892_5061375509741895885_n-2.jpg 1080w\" sizes=\"(max-width: 1024px) 100vw, 1024px\" \/><figcaption class=\"wp-element-caption\">HOTEL MONTEBELO CHIADO<\/figcaption><\/figure>\n\n\n\n<figure class=\"wp-block-image size-large\"><img loading=\"lazy\" decoding=\"async\" width=\"1024\" height=\"1024\" data-id=\"548\" src=\"https:\/\/franciscoandrade.pt\/wordpress\/wp-content\/uploads\/2024\/05\/386098579_713205414179726_214066516384308208_n-2-1024x1024.jpg\" alt=\"\" class=\"wp-image-548\" srcset=\"https:\/\/franciscoandrade.pt\/wordpress\/wp-content\/uploads\/2024\/05\/386098579_713205414179726_214066516384308208_n-2-1024x1024.jpg 1024w, https:\/\/franciscoandrade.pt\/wordpress\/wp-content\/uploads\/2024\/05\/386098579_713205414179726_214066516384308208_n-2-300x300.jpg 300w, https:\/\/franciscoandrade.pt\/wordpress\/wp-content\/uploads\/2024\/05\/386098579_713205414179726_214066516384308208_n-2-150x150.jpg 150w, https:\/\/franciscoandrade.pt\/wordpress\/wp-content\/uploads\/2024\/05\/386098579_713205414179726_214066516384308208_n-2-768x768.jpg 768w, https:\/\/franciscoandrade.pt\/wordpress\/wp-content\/uploads\/2024\/05\/386098579_713205414179726_214066516384308208_n-2.jpg 1080w\" sizes=\"(max-width: 1024px) 100vw, 1024px\" \/><figcaption class=\"wp-element-caption\">HOTEL MONTEBELO CHIADO<\/figcaption><\/figure>\n\n\n\n<figure class=\"wp-block-image size-large\"><img loading=\"lazy\" decoding=\"async\" width=\"576\" height=\"1024\" data-id=\"551\" src=\"https:\/\/franciscoandrade.pt\/wordpress\/wp-content\/uploads\/2024\/05\/image0-576x1024.jpeg\" alt=\"\" class=\"wp-image-551\" srcset=\"https:\/\/franciscoandrade.pt\/wordpress\/wp-content\/uploads\/2024\/05\/image0-576x1024.jpeg 576w, https:\/\/franciscoandrade.pt\/wordpress\/wp-content\/uploads\/2024\/05\/image0-169x300.jpeg 169w, https:\/\/franciscoandrade.pt\/wordpress\/wp-content\/uploads\/2024\/05\/image0-768x1365.jpeg 768w, https:\/\/franciscoandrade.pt\/wordpress\/wp-content\/uploads\/2024\/05\/image0-864x1536.jpeg 864w, https:\/\/franciscoandrade.pt\/wordpress\/wp-content\/uploads\/2024\/05\/image0.jpeg 1080w\" sizes=\"(max-width: 576px) 100vw, 576px\" \/><figcaption class=\"wp-element-caption\">HOTEL INFANTE SAGRES<\/figcaption><\/figure>\n\n\n\n<figure class=\"wp-block-image size-large\"><img loading=\"lazy\" decoding=\"async\" width=\"576\" height=\"1024\" data-id=\"552\" src=\"https:\/\/franciscoandrade.pt\/wordpress\/wp-content\/uploads\/2024\/05\/image1-576x1024.jpeg\" alt=\"\" class=\"wp-image-552\" srcset=\"https:\/\/franciscoandrade.pt\/wordpress\/wp-content\/uploads\/2024\/05\/image1-576x1024.jpeg 576w, https:\/\/franciscoandrade.pt\/wordpress\/wp-content\/uploads\/2024\/05\/image1-169x300.jpeg 169w, https:\/\/franciscoandrade.pt\/wordpress\/wp-content\/uploads\/2024\/05\/image1-768x1365.jpeg 768w, https:\/\/franciscoandrade.pt\/wordpress\/wp-content\/uploads\/2024\/05\/image1-864x1536.jpeg 864w, https:\/\/franciscoandrade.pt\/wordpress\/wp-content\/uploads\/2024\/05\/image1.jpeg 1080w\" sizes=\"(max-width: 576px) 100vw, 576px\" \/><figcaption class=\"wp-element-caption\">HOTEL INFANTE SAGRES<\/figcaption><\/figure>\n\n\n\n<figure class=\"wp-block-image size-large\"><img loading=\"lazy\" decoding=\"async\" width=\"1024\" height=\"680\" data-id=\"555\" src=\"https:\/\/franciscoandrade.pt\/wordpress\/wp-content\/uploads\/2024\/05\/S-0057_02-1024x680.jpg\" alt=\"\" class=\"wp-image-555\" srcset=\"https:\/\/franciscoandrade.pt\/wordpress\/wp-content\/uploads\/2024\/05\/S-0057_02-1024x680.jpg 1024w, https:\/\/franciscoandrade.pt\/wordpress\/wp-content\/uploads\/2024\/05\/S-0057_02-300x199.jpg 300w, https:\/\/franciscoandrade.pt\/wordpress\/wp-content\/uploads\/2024\/05\/S-0057_02-768x510.jpg 768w, https:\/\/franciscoandrade.pt\/wordpress\/wp-content\/uploads\/2024\/05\/S-0057_02-1536x1021.jpg 1536w, https:\/\/franciscoandrade.pt\/wordpress\/wp-content\/uploads\/2024\/05\/S-0057_02.jpg 1684w\" sizes=\"(max-width: 1024px) 100vw, 1024px\" \/><figcaption class=\"wp-element-caption\">CANDEEIRO BOA NOVA<\/figcaption><\/figure>\n\n\n\n<figure class=\"wp-block-image size-full\"><img loading=\"lazy\" decoding=\"async\" width=\"800\" height=\"533\" data-id=\"556\" src=\"https:\/\/franciscoandrade.pt\/wordpress\/wp-content\/uploads\/2024\/05\/2021440_0-2.jpg\" alt=\"\" class=\"wp-image-556\" srcset=\"https:\/\/franciscoandrade.pt\/wordpress\/wp-content\/uploads\/2024\/05\/2021440_0-2.jpg 800w, https:\/\/franciscoandrade.pt\/wordpress\/wp-content\/uploads\/2024\/05\/2021440_0-2-300x200.jpg 300w, https:\/\/franciscoandrade.pt\/wordpress\/wp-content\/uploads\/2024\/05\/2021440_0-2-768x512.jpg 768w\" sizes=\"(max-width: 800px) 100vw, 800px\" \/><figcaption class=\"wp-element-caption\">CANDEEIRO BOA NOVA<\/figcaption><\/figure>\n\n\n\n<figure class=\"wp-block-image size-large\"><img loading=\"lazy\" decoding=\"async\" width=\"1024\" height=\"1018\" data-id=\"566\" src=\"https:\/\/franciscoandrade.pt\/wordpress\/wp-content\/uploads\/2024\/05\/thumbnail_IMG_8042-1-1024x1018.jpg\" alt=\"\" class=\"wp-image-566\" srcset=\"https:\/\/franciscoandrade.pt\/wordpress\/wp-content\/uploads\/2024\/05\/thumbnail_IMG_8042-1-1024x1018.jpg 1024w, https:\/\/franciscoandrade.pt\/wordpress\/wp-content\/uploads\/2024\/05\/thumbnail_IMG_8042-1-300x298.jpg 300w, https:\/\/franciscoandrade.pt\/wordpress\/wp-content\/uploads\/2024\/05\/thumbnail_IMG_8042-1-150x150.jpg 150w, https:\/\/franciscoandrade.pt\/wordpress\/wp-content\/uploads\/2024\/05\/thumbnail_IMG_8042-1-768x763.jpg 768w, https:\/\/franciscoandrade.pt\/wordpress\/wp-content\/uploads\/2024\/05\/thumbnail_IMG_8042-1.jpg 1191w\" sizes=\"(max-width: 1024px) 100vw, 1024px\" \/><figcaption class=\"wp-element-caption\">GRADEAMENTO VARANDA<\/figcaption><\/figure>\n\n\n\n<figure class=\"wp-block-image size-large\"><img loading=\"lazy\" decoding=\"async\" width=\"624\" height=\"1024\" data-id=\"567\" src=\"https:\/\/franciscoandrade.pt\/wordpress\/wp-content\/uploads\/2024\/05\/thumbnail_IMG_8041-2-624x1024.jpg\" alt=\"\" class=\"wp-image-567\" srcset=\"https:\/\/franciscoandrade.pt\/wordpress\/wp-content\/uploads\/2024\/05\/thumbnail_IMG_8041-2-624x1024.jpg 624w, https:\/\/franciscoandrade.pt\/wordpress\/wp-content\/uploads\/2024\/05\/thumbnail_IMG_8041-2-183x300.jpg 183w, https:\/\/franciscoandrade.pt\/wordpress\/wp-content\/uploads\/2024\/05\/thumbnail_IMG_8041-2-768x1261.jpg 768w, https:\/\/franciscoandrade.pt\/wordpress\/wp-content\/uploads\/2024\/05\/thumbnail_IMG_8041-2-935x1536.jpg 935w, https:\/\/franciscoandrade.pt\/wordpress\/wp-content\/uploads\/2024\/05\/thumbnail_IMG_8041-2-1247x2048.jpg 1247w, https:\/\/franciscoandrade.pt\/wordpress\/wp-content\/uploads\/2024\/05\/thumbnail_IMG_8041-2.jpg 1274w\" sizes=\"(max-width: 624px) 100vw, 624px\" \/><figcaption class=\"wp-element-caption\">GRADEAMENTO VARANDA CASA ESPINHO<\/figcaption><\/figure>\n<\/figure>\n<\/div><\/div>\n<\/div><\/div>\n","protected":false},"excerpt":{"rendered":"","protected":false},"author":2,"featured_media":0,"parent":0,"menu_order":0,"comment_status":"closed","ping_status":"closed","template":"page-templates\/template-pagebuilder-full-width.php","meta":{"neve_meta_sidebar":"full-width","neve_meta_container":"","neve_meta_enable_content_width":"on","neve_meta_content_width":100,"neve_meta_title_alignment":"","neve_meta_author_avatar":"","neve_post_elements_order":"","neve_meta_disable_header":"","neve_meta_disable_footer":"","neve_meta_disable_title":"","_themeisle_gutenberg_block_has_review":false,"footnotes":""},"class_list":["post-426","page","type-page","status-publish","hentry"],"_links":{"self":[{"href":"https:\/\/franciscoandrade.pt\/wordpress\/index.php?rest_route=\/wp\/v2\/pages\/426","targetHints":{"allow":["GET"]}}],"collection":[{"href":"https:\/\/franciscoandrade.pt\/wordpress\/index.php?rest_route=\/wp\/v2\/pages"}],"about":[{"href":"https:\/\/franciscoandrade.pt\/wordpress\/index.php?rest_route=\/wp\/v2\/types\/page"}],"author":[{"embeddable":true,"href":"https:\/\/franciscoandrade.pt\/wordpress\/index.php?rest_route=\/wp\/v2\/users\/2"}],"replies":[{"embeddable":true,"href":"https:\/\/franciscoandrade.pt\/wordpress\/index.php?rest_route=%2Fwp%2Fv2%2Fcomments&post=426"}],"version-history":[{"count":8,"href":"https:\/\/franciscoandrade.pt\/wordpress\/index.php?rest_route=\/wp\/v2\/pages\/426\/revisions"}],"predecessor-version":[{"id":767,"href":"https:\/\/franciscoandrade.pt\/wordpress\/index.php?rest_route=\/wp\/v2\/pages\/426\/revisions\/767"}],"wp:attachment":[{"href":"https:\/\/franciscoandrade.pt\/wordpress\/index.php?rest_route=%2Fwp%2Fv2%2Fmedia&parent=426"}],"curies":[{"name":"wp","href":"https:\/\/api.w.org\/{rel}","templated":true}]}}