{"id":174,"date":"2020-01-30T09:28:53","date_gmt":"2020-01-30T09:28:53","guid":{"rendered":"https:\/\/demosites.io\/architecture-gb\/?page_id=174"},"modified":"2025-07-16T13:26:21","modified_gmt":"2025-07-16T13:26:21","slug":"e866c-homepage","status":"publish","type":"page","link":"https:\/\/franciscoandrade.pt\/wordpress\/","title":{"rendered":"FRANCISCO ANDRADE"},"content":{"rendered":"\n<div class=\"wp-block-cover alignfull\" style=\"padding-top:var(--wp--preset--spacing--20);padding-bottom:var(--wp--preset--spacing--20);min-height:896px;aspect-ratio:unset;\"><span aria-hidden=\"true\" class=\"wp-block-cover__background has-nv-site-bg-background-color has-background-dim-80 has-background-dim\"><\/span><div class=\"wp-block-cover__inner-container is-layout-flow wp-block-cover-is-layout-flow\">\n<div style=\"height:200px\" aria-hidden=\"true\" class=\"wp-block-spacer\"><\/div>\n\n\n\n<h1 class=\"wp-block-heading has-text-align-center has-light-bg has-neve-text-color-color has-text-color\" style=\"padding-top:0;padding-right:0;padding-bottom:0;padding-left:0;font-size:86px\">SOLUCIONAMOS<\/h1>\n\n\n\n<h1 class=\"wp-block-heading has-text-align-center has-light-bg has-neve-text-color-color has-text-color\" style=\"padding-top:0;padding-right:0;padding-bottom:0;padding-left:0;font-size:86px\">REALIZAMOS<\/h1>\n\n\n\n<div style=\"height:20px\" aria-hidden=\"true\" class=\"wp-block-spacer\"><\/div>\n\n\n\n<div class=\"wp-block-buttons alignwide is-horizontal is-content-justification-center is-layout-flex wp-container-core-buttons-is-layout-1891d752 wp-block-buttons-is-layout-flex\">\n<div class=\"wp-block-button is-style-secondary\"><a class=\"wp-block-button__link has-nv-light-bg-color has-neve-link-hover-color-background-color has-text-color has-background wp-element-button\" href=\"https:\/\/franciscoandrade.pt\/wordpress\/?page_id=431\" style=\"padding-top:var(--wp--preset--spacing--20);padding-bottom:var(--wp--preset--spacing--20)\">Consulte-nos para saber como podemos ajud\u00e1-lo<\/a><\/div>\n<\/div>\n\n\n\n<div style=\"height:200px\" aria-hidden=\"true\" class=\"wp-block-spacer\"><\/div>\n<\/div><\/div>\n\n\n\n<section id=\"wp-block-themeisle-blocks-advanced-columns-335a2f03\" class=\"wp-block-themeisle-blocks-advanced-columns alignfull has-1-columns has-desktop-equal-layout has-tablet-equal-layout has-mobile-equal-layout has-vertical-flex-start has-dark-bg\"><div class=\"wp-block-themeisle-blocks-advanced-columns-overlay\"><\/div><div class=\"innerblocks-wrap\">\n<div id=\"wp-block-themeisle-blocks-advanced-column-5d90343f\" class=\"wp-block-themeisle-blocks-advanced-column\">\n<section id=\"wp-block-themeisle-blocks-advanced-columns-b2ead1d6\" class=\"wp-block-themeisle-blocks-advanced-columns has-2-columns has-desktop-equal-layout has-tablet-equal-layout has-mobile-collapsedRows-layout has-vertical-center\"><div class=\"wp-block-themeisle-blocks-advanced-columns-overlay\"><\/div><div class=\"innerblocks-wrap\">\n<div id=\"wp-block-themeisle-blocks-advanced-column-7c705a1c\" class=\"wp-block-themeisle-blocks-advanced-column\">\n<h6 id=\"wp-block-themeisle-blocks-advanced-heading-a1b00887\" class=\"wp-block-themeisle-blocks-advanced-heading wp-block-themeisle-blocks-advanced-heading-a1b00887\">&#8220;PRAZER DE TRABALHAR&#8221;<\/h6>\n\n\n\n<h2 class=\"wp-block-heading has-nv-text-dark-bg-color has-text-color\"><strong>PROJETOS<\/strong><\/h2>\n\n\n\n<p class=\"has-nv-text-dark-bg-color has-text-color\">Ao longo dos anos temos vindo a colaborar com v\u00e1rios artistas, designers e arquitetos para a execu\u00e7\u00e3o das suas obras..<\/p>\n\n\n\n<div class=\"wp-block-buttons is-layout-flex wp-block-buttons-is-layout-flex\">\n<div class=\"wp-block-button is-style-secondary\"><a class=\"wp-block-button__link has-neve-link-hover-color-background-color has-background wp-element-button\" href=\"https:\/\/franciscoandrade.pt\/wordpress\/?page_id=426\" style=\"padding-top:var(--wp--preset--spacing--20);padding-bottom:var(--wp--preset--spacing--20)\">PROJETOS<\/a><\/div>\n<\/div>\n<\/div>\n\n\n\n<div id=\"wp-block-themeisle-blocks-advanced-column-5f9a9ec0\" class=\"wp-block-themeisle-blocks-advanced-column\">\n<figure class=\"wp-block-image size-full is-resized animated fadeInUp delay-100ms slow\"><img fetchpriority=\"high\" decoding=\"async\" width=\"1024\" height=\"683\" src=\"https:\/\/franciscoandrade.pt\/wordpress\/wp-content\/uploads\/2024\/05\/28247679346_ae54a95df3_b-1.jpg\" alt=\"\" class=\"wp-image-245\" style=\"width:552px;height:auto\" srcset=\"https:\/\/franciscoandrade.pt\/wordpress\/wp-content\/uploads\/2024\/05\/28247679346_ae54a95df3_b-1.jpg 1024w, https:\/\/franciscoandrade.pt\/wordpress\/wp-content\/uploads\/2024\/05\/28247679346_ae54a95df3_b-1-300x200.jpg 300w, https:\/\/franciscoandrade.pt\/wordpress\/wp-content\/uploads\/2024\/05\/28247679346_ae54a95df3_b-1-768x512.jpg 768w, https:\/\/franciscoandrade.pt\/wordpress\/wp-content\/uploads\/2024\/05\/28247679346_ae54a95df3_b-1-930x620.jpg 930w\" sizes=\"(max-width: 1024px) 100vw, 1024px\" \/><\/figure>\n<\/div>\n<\/div><\/section>\n\n\n\n<section id=\"wp-block-themeisle-blocks-advanced-columns-8e7cc7ae\" class=\"wp-block-themeisle-blocks-advanced-columns has-3-columns has-desktop-equal-layout has-tablet-equal-layout has-mobile-collapsedRows-layout has-vertical-flex-start\"><div class=\"wp-block-themeisle-blocks-advanced-columns-overlay\"><\/div><div class=\"innerblocks-wrap\">\n<div id=\"wp-block-themeisle-blocks-advanced-column-725f10a7\" class=\"wp-block-themeisle-blocks-advanced-column\">\n<figure class=\"wp-block-image size-large is-resized animated fadeInUp slow\"><img decoding=\"async\" width=\"683\" height=\"1024\" src=\"https:\/\/franciscoandrade.pt\/wordpress\/wp-content\/uploads\/2024\/05\/HotelRitz_20210713_0140_copy_LR-2-683x1024.jpg\" alt=\"\" class=\"wp-image-452\" style=\"width:350px;height:350px\" srcset=\"https:\/\/franciscoandrade.pt\/wordpress\/wp-content\/uploads\/2024\/05\/HotelRitz_20210713_0140_copy_LR-2-683x1024.jpg 683w, https:\/\/franciscoandrade.pt\/wordpress\/wp-content\/uploads\/2024\/05\/HotelRitz_20210713_0140_copy_LR-2-200x300.jpg 200w, https:\/\/franciscoandrade.pt\/wordpress\/wp-content\/uploads\/2024\/05\/HotelRitz_20210713_0140_copy_LR-2.jpg 750w\" sizes=\"(max-width: 683px) 100vw, 683px\" \/><\/figure>\n<\/div>\n\n\n\n<div id=\"wp-block-themeisle-blocks-advanced-column-3c67f726\" class=\"wp-block-themeisle-blocks-advanced-column\">\n<figure class=\"wp-block-image size-full is-resized animated fadeInUp delay-200ms slow\"><img decoding=\"async\" width=\"550\" height=\"450\" src=\"https:\/\/franciscoandrade.pt\/wordpress\/wp-content\/uploads\/2024\/05\/magnum-bar-v5123027-2.jpg\" alt=\"\" class=\"wp-image-454\" style=\"width:428px;height:auto\" srcset=\"https:\/\/franciscoandrade.pt\/wordpress\/wp-content\/uploads\/2024\/05\/magnum-bar-v5123027-2.jpg 550w, https:\/\/franciscoandrade.pt\/wordpress\/wp-content\/uploads\/2024\/05\/magnum-bar-v5123027-2-300x245.jpg 300w\" sizes=\"(max-width: 550px) 100vw, 550px\" \/><\/figure>\n<\/div>\n\n\n\n<div id=\"wp-block-themeisle-blocks-advanced-column-4956dbc0\" class=\"wp-block-themeisle-blocks-advanced-column\">\n<figure class=\"wp-block-image size-large is-resized animated fadeInUp delay-500ms slow\"><img loading=\"lazy\" decoding=\"async\" width=\"1024\" height=\"683\" src=\"https:\/\/franciscoandrade.pt\/wordpress\/wp-content\/uploads\/2024\/05\/YR8S4828.1507105924.8172-1-1024x683.jpg\" alt=\"\" class=\"wp-image-455\" style=\"width:526px;height:auto\" srcset=\"https:\/\/franciscoandrade.pt\/wordpress\/wp-content\/uploads\/2024\/05\/YR8S4828.1507105924.8172-1-1024x683.jpg 1024w, https:\/\/franciscoandrade.pt\/wordpress\/wp-content\/uploads\/2024\/05\/YR8S4828.1507105924.8172-1-300x200.jpg 300w, https:\/\/franciscoandrade.pt\/wordpress\/wp-content\/uploads\/2024\/05\/YR8S4828.1507105924.8172-1-768x512.jpg 768w, https:\/\/franciscoandrade.pt\/wordpress\/wp-content\/uploads\/2024\/05\/YR8S4828.1507105924.8172-1-1536x1024.jpg 1536w, https:\/\/franciscoandrade.pt\/wordpress\/wp-content\/uploads\/2024\/05\/YR8S4828.1507105924.8172-1-2048x1365.jpg 2048w, https:\/\/franciscoandrade.pt\/wordpress\/wp-content\/uploads\/2024\/05\/YR8S4828.1507105924.8172-1-930x620.jpg 930w\" sizes=\"(max-width: 1024px) 100vw, 1024px\" \/><\/figure>\n<\/div>\n<\/div><\/section>\n<\/div>\n<\/div><\/section>\n\n\n\n<section id=\"wp-block-themeisle-blocks-advanced-columns-dab9e0bf\" class=\"wp-block-themeisle-blocks-advanced-columns alignfull has-1-columns has-desktop-equal-layout has-tablet-equal-layout has-mobile-equal-layout has-vertical-flex-start has-light-bg\"><div class=\"wp-block-themeisle-blocks-advanced-columns-overlay\"><\/div><div class=\"innerblocks-wrap\">\n<div id=\"wp-block-themeisle-blocks-advanced-column-9df22226\" class=\"wp-block-themeisle-blocks-advanced-column\">\n<section id=\"wp-block-themeisle-blocks-advanced-columns-25c95699\" class=\"wp-block-themeisle-blocks-advanced-columns has-0-columns has-desktop-equal-layout has-tablet-equal-layout has-mobile-equal-layout has-vertical-flex-start\"><div class=\"wp-block-themeisle-blocks-advanced-columns-overlay\"><\/div><div class=\"innerblocks-wrap\"><\/div><\/section>\n\n\n\n<section id=\"wp-block-themeisle-blocks-advanced-columns-b56443a0\" class=\"wp-block-themeisle-blocks-advanced-columns has-3-columns has-desktop-equal-layout has-tablet-equal-layout has-mobile-collapsedRows-layout has-vertical-center\"><div class=\"wp-block-themeisle-blocks-advanced-columns-overlay\"><\/div><div class=\"innerblocks-wrap\">\n<div id=\"wp-block-themeisle-blocks-advanced-column-c1b62757\" class=\"wp-block-themeisle-blocks-advanced-column\"><div class=\"wp-block-image is-style-rounded\">\n<figure class=\"aligncenter size-full is-resized has-custom-border\"><img decoding=\"async\" src=\"https:\/\/franciscoandrade.pt\/wordpress\/wp-content\/uploads\/2024\/05\/fgdg-1.svg\" alt=\"\" class=\"wp-image-650\" style=\"border-style:none;border-width:0px;border-radius:0px;width:169px;height:auto\"\/><figcaption class=\"wp-element-caption\"><br><strong>TORNEAMENTO CNC<\/strong><br><strong>FRESAMENTO CNC<\/strong><br><strong>RETIFICA\u00c7\u00c3O<\/strong><br><strong>ESCATELAMENTO<\/strong><br><strong>ESTAMPAGEM<\/strong><\/figcaption><\/figure>\n<\/div><\/div>\n\n\n\n<div id=\"wp-block-themeisle-blocks-advanced-column-f2a495d3\" class=\"wp-block-themeisle-blocks-advanced-column\"><div class=\"wp-block-image\">\n<figure class=\"aligncenter size-full is-resized\"><img decoding=\"async\" src=\"https:\/\/franciscoandrade.pt\/wordpress\/wp-content\/uploads\/2024\/05\/fgdg2-1.svg\" alt=\"\" class=\"wp-image-651\" style=\"width:201px;height:auto\"\/><figcaption class=\"wp-element-caption\"><strong>JIG&#8217;S, CUNHOS, CORTANTES E MOLDES DE TERMOFORMAGEM<\/strong><\/figcaption><\/figure>\n<\/div><\/div>\n\n\n\n<div id=\"wp-block-themeisle-blocks-advanced-column-da9cff89\" class=\"wp-block-themeisle-blocks-advanced-column\"><div class=\"wp-block-image\">\n<figure class=\"aligncenter size-full is-resized\"><img decoding=\"async\" src=\"https:\/\/franciscoandrade.pt\/wordpress\/wp-content\/uploads\/2024\/05\/fgdg3-1.svg\" alt=\"\" class=\"wp-image-652\" style=\"width:177px;height:auto\"\/><figcaption class=\"wp-element-caption\"><strong>SERRALHARIA<\/strong><br><strong>SOLDADURA<\/strong><\/figcaption><\/figure>\n<\/div><\/div>\n<\/div><\/section>\n<\/div>\n<\/div><\/section>\n\n\n\n<div id=\"wp-block-themeisle-blocks-advanced-columns-27c6d13c\" class=\"wp-block-themeisle-blocks-advanced-columns alignfull has-2-columns has-desktop-equal-layout has-tablet-equal-layout has-mobile-collapsedRows-layout has-vertical-unset has-dark-bg\"><div class=\"wp-block-themeisle-blocks-advanced-columns-overlay\"><\/div><div class=\"innerblocks-wrap\">\n<div id=\"wp-block-themeisle-blocks-advanced-column-00efda99\" class=\"wp-block-themeisle-blocks-advanced-column\">\n<h2 class=\"wp-block-heading has-nv-text-dark-bg-color has-text-color\">PRODUTOS EM STOCK<\/h2>\n\n\n\n<div style=\"height:20px\" aria-hidden=\"true\" class=\"wp-block-spacer\"><\/div>\n\n\n\n<div class=\"wp-block-buttons is-layout-flex wp-block-buttons-is-layout-flex\">\n<div class=\"wp-block-button is-style-secondary\"><a class=\"wp-block-button__link has-neve-link-hover-color-background-color has-background wp-element-button\" href=\"https:\/\/franciscoandrade.pt\/wordpress\/?page_id=577\" style=\"padding-top:0;padding-bottom:0\">CONTACTE-NOS <\/a><\/div>\n<\/div>\n<\/div>\n\n\n\n<div id=\"wp-block-themeisle-blocks-advanced-column-a7440713\" class=\"wp-block-themeisle-blocks-advanced-column\">\n<figure class=\"wp-block-image size-large is-resized animated fadeInUp slow\"><img loading=\"lazy\" decoding=\"async\" width=\"1024\" height=\"768\" src=\"https:\/\/franciscoandrade.pt\/wordpress\/wp-content\/uploads\/2024\/05\/thumbnail_IMG_1846-1024x768.png\" alt=\"\" class=\"wp-image-457\" style=\"width:453px;height:auto\" srcset=\"https:\/\/franciscoandrade.pt\/wordpress\/wp-content\/uploads\/2024\/05\/thumbnail_IMG_1846-1024x768.png 1024w, https:\/\/franciscoandrade.pt\/wordpress\/wp-content\/uploads\/2024\/05\/thumbnail_IMG_1846-300x225.png 300w, https:\/\/franciscoandrade.pt\/wordpress\/wp-content\/uploads\/2024\/05\/thumbnail_IMG_1846-768x576.png 768w, https:\/\/franciscoandrade.pt\/wordpress\/wp-content\/uploads\/2024\/05\/thumbnail_IMG_1846-1536x1152.png 1536w, https:\/\/franciscoandrade.pt\/wordpress\/wp-content\/uploads\/2024\/05\/thumbnail_IMG_1846.png 1920w\" sizes=\"(max-width: 1024px) 100vw, 1024px\" \/><\/figure>\n<\/div>\n<\/div><\/div>\n\n\n\n<section id=\"wp-block-themeisle-blocks-advanced-columns-953634cd\" class=\"wp-block-themeisle-blocks-advanced-columns alignfull has-1-columns has-desktop-equal-layout has-tablet-equal-layout has-mobile-equal-layout has-vertical-flex-start has-light-bg\"><div class=\"wp-block-themeisle-blocks-advanced-columns-overlay\"><\/div><div class=\"innerblocks-wrap\">\n<div id=\"wp-block-themeisle-blocks-advanced-column-4316d84f\" class=\"wp-block-themeisle-blocks-advanced-column\">\n<div class=\"wp-block-group\"><div class=\"wp-block-group__inner-container is-layout-constrained wp-block-group-is-layout-constrained\">\n<div id=\"wp-block-themeisle-blocks-advanced-columns-73645004\" class=\"wp-block-themeisle-blocks-advanced-columns has-1-columns has-desktop-equal-layout has-tablet-equal-layout has-mobile-collapsedRows-layout has-vertical-unset\"><div class=\"wp-block-themeisle-blocks-advanced-columns-overlay\"><\/div><div class=\"innerblocks-wrap\">\n<div id=\"wp-block-themeisle-blocks-advanced-column-828657b3\" class=\"wp-block-themeisle-blocks-advanced-column animated fadeInUp slow\">\n<div class=\"wp-block-columns is-layout-flex wp-container-core-columns-is-layout-9d6595d7 wp-block-columns-is-layout-flex\">\n<div class=\"wp-block-column is-layout-flow wp-block-column-is-layout-flow\">\n<figure class=\"wp-block-image size-full\"><img loading=\"lazy\" decoding=\"async\" width=\"568\" height=\"711\" src=\"https:\/\/franciscoandrade.pt\/wordpress\/wp-content\/uploads\/2024\/05\/1-2.jpeg\" alt=\"\" class=\"wp-image-532\" srcset=\"https:\/\/franciscoandrade.pt\/wordpress\/wp-content\/uploads\/2024\/05\/1-2.jpeg 568w, https:\/\/franciscoandrade.pt\/wordpress\/wp-content\/uploads\/2024\/05\/1-2-240x300.jpeg 240w\" sizes=\"(max-width: 568px) 100vw, 568px\" \/><\/figure>\n<\/div>\n\n\n\n<div class=\"wp-block-column is-vertically-aligned-center is-layout-flow wp-block-column-is-layout-flow\">\n<h2 class=\"wp-block-heading has-neve-text-color-color has-text-color has-link-color wp-elements-cde6cf61db923630de6b808a9e6603a8\"><o-anim-typing>sobre n\u00f3s<\/o-anim-typing><\/h2>\n\n\n\n<p>Fundada em 1989 por Francisco Fernando Gomes de Andrade fornecendo maioritariamente servi\u00e7os de torneamento.   Atualmente, atua maioritariamente na \u00e1rea da subcontrata\u00e7\u00e3o de torneamento e de fresagem CNC, atrav\u00e9s do fornecimento de pe\u00e7as e componentes para distintos setores da ind\u00fastria utilizando todo tipo de materiais (a\u00e7o, alum\u00ednio, bronze, pl\u00e1sticos t\u00e9cnicos, etc.)<\/p>\n<\/div>\n<\/div>\n<\/div>\n<\/div><\/div>\n<\/div><\/div>\n<\/div>\n<\/div><\/section>\n\n\n\n<p><\/p>\n","protected":false},"excerpt":{"rendered":"","protected":false},"author":2,"featured_media":0,"parent":0,"menu_order":0,"comment_status":"closed","ping_status":"closed","template":"page-templates\/template-pagebuilder-full-width.php","meta":{"neve_meta_sidebar":"full-width","neve_meta_container":"contained","neve_meta_enable_content_width":"on","neve_meta_content_width":100,"neve_meta_title_alignment":"","neve_meta_author_avatar":"","neve_post_elements_order":"","neve_meta_disable_header":"","neve_meta_disable_footer":"","neve_meta_disable_title":"on","_themeisle_gutenberg_block_has_review":false,"footnotes":""},"class_list":["post-174","page","type-page","status-publish","hentry"],"_links":{"self":[{"href":"https:\/\/franciscoandrade.pt\/wordpress\/index.php?rest_route=\/wp\/v2\/pages\/174","targetHints":{"allow":["GET"]}}],"collection":[{"href":"https:\/\/franciscoandrade.pt\/wordpress\/index.php?rest_route=\/wp\/v2\/pages"}],"about":[{"href":"https:\/\/franciscoandrade.pt\/wordpress\/index.php?rest_route=\/wp\/v2\/types\/page"}],"author":[{"embeddable":true,"href":"https:\/\/franciscoandrade.pt\/wordpress\/index.php?rest_route=\/wp\/v2\/users\/2"}],"replies":[{"embeddable":true,"href":"https:\/\/franciscoandrade.pt\/wordpress\/index.php?rest_route=%2Fwp%2Fv2%2Fcomments&post=174"}],"version-history":[{"count":35,"href":"https:\/\/franciscoandrade.pt\/wordpress\/index.php?rest_route=\/wp\/v2\/pages\/174\/revisions"}],"predecessor-version":[{"id":770,"href":"https:\/\/franciscoandrade.pt\/wordpress\/index.php?rest_route=\/wp\/v2\/pages\/174\/revisions\/770"}],"wp:attachment":[{"href":"https:\/\/franciscoandrade.pt\/wordpress\/index.php?rest_route=%2Fwp%2Fv2%2Fmedia&parent=174"}],"curies":[{"name":"wp","href":"https:\/\/api.w.org\/{rel}","templated":true}]}}